{"id":3254,"date":"2022-09-09T21:35:55","date_gmt":"2022-09-10T00:35:55","guid":{"rendered":"https:\/\/instituto127.com\/?page_id=3254"},"modified":"2025-04-10T22:14:06","modified_gmt":"2025-04-11T01:14:06","slug":"https-instituto127-com-wp-content-uploads-2023-05-espacio-127-pautas-para-la-presentacion-de-articulos-2023-pdf","status":"publish","type":"page","link":"https:\/\/instituto127.com\/index.php\/https-instituto127-com-wp-content-uploads-2023-05-espacio-127-pautas-para-la-presentacion-de-articulos-2023-pdf\/","title":{"rendered":"Normas para la presentaci\u00f3n de colaboraciones"},"content":{"rendered":"\t\t<div data-elementor-type=\"wp-page\" data-elementor-id=\"3254\" class=\"elementor elementor-3254\">\n\t\t\t\t\t\t\t\t\t<section class=\"elementor-section elementor-top-section elementor-element elementor-element-a34c132 elementor-section-boxed elementor-section-height-default elementor-section-height-default\" data-id=\"a34c132\" data-element_type=\"section\">\n\t\t\t\t\t\t<div class=\"elementor-container elementor-column-gap-default\">\n\t\t\t\t\t<div class=\"elementor-column elementor-col-100 elementor-top-column elementor-element elementor-element-a9a09cc\" data-id=\"a9a09cc\" data-element_type=\"column\">\n\t\t\t<div class=\"elementor-widget-wrap elementor-element-populated\">\n\t\t\t\t\t\t\t\t<div class=\"elementor-element elementor-element-170a2a3 elementor-widget elementor-widget-image\" data-id=\"170a2a3\" data-element_type=\"widget\" data-widget_type=\"image.default\">\n\t\t\t\t<div class=\"elementor-widget-container\">\n\t\t\t\t\t\t\t\t\t\t\t\t\t\t\t<img loading=\"lazy\" decoding=\"async\" width=\"1024\" height=\"6\" src=\"https:\/\/instituto127.com\/wp-content\/uploads\/2021\/07\/Linea-gris-1024x6.jpg\" class=\"attachment-large size-large wp-image-1373\" alt=\"\" srcset=\"https:\/\/instituto127.com\/wp-content\/uploads\/2021\/07\/Linea-gris-1024x6.jpg 1024w, https:\/\/instituto127.com\/wp-content\/uploads\/2021\/07\/Linea-gris-300x2.jpg 300w, https:\/\/instituto127.com\/wp-content\/uploads\/2021\/07\/Linea-gris-768x4.jpg 768w, https:\/\/instituto127.com\/wp-content\/uploads\/2021\/07\/Linea-gris.jpg 1069w\" sizes=\"auto, (max-width: 1024px) 100vw, 1024px\" \/>\t\t\t\t\t\t\t\t\t\t\t\t\t\t\t<\/div>\n\t\t\t\t<\/div>\n\t\t\t\t\t<\/div>\n\t\t<\/div>\n\t\t\t\t\t\t\t<\/div>\n\t\t<\/section>\n\t\t\t\t<section class=\"elementor-section elementor-top-section elementor-element elementor-element-c24629a elementor-section-boxed elementor-section-height-default elementor-section-height-default\" data-id=\"c24629a\" data-element_type=\"section\">\n\t\t\t\t\t\t<div class=\"elementor-container elementor-column-gap-default\">\n\t\t\t\t\t<div class=\"elementor-column elementor-col-100 elementor-top-column elementor-element elementor-element-74e8bed\" data-id=\"74e8bed\" data-element_type=\"column\">\n\t\t\t<div class=\"elementor-widget-wrap elementor-element-populated\">\n\t\t\t\t\t\t\t\t<div class=\"elementor-element elementor-element-a5328ee elementor-widget elementor-widget-image\" data-id=\"a5328ee\" data-element_type=\"widget\" data-widget_type=\"image.default\">\n\t\t\t\t<div class=\"elementor-widget-container\">\n\t\t\t\t\t\t\t\t\t\t\t\t\t\t\t<img loading=\"lazy\" decoding=\"async\" width=\"1024\" height=\"293\" src=\"https:\/\/instituto127.com\/wp-content\/uploads\/2021\/12\/Banner-para-la-pagina-1024x293.jpg\" class=\"attachment-large size-large wp-image-2539\" alt=\"\" srcset=\"https:\/\/instituto127.com\/wp-content\/uploads\/2021\/12\/Banner-para-la-pagina-1024x293.jpg 1024w, https:\/\/instituto127.com\/wp-content\/uploads\/2021\/12\/Banner-para-la-pagina-300x86.jpg 300w, https:\/\/instituto127.com\/wp-content\/uploads\/2021\/12\/Banner-para-la-pagina-768x219.jpg 768w, https:\/\/instituto127.com\/wp-content\/uploads\/2021\/12\/Banner-para-la-pagina-1536x439.jpg 1536w, https:\/\/instituto127.com\/wp-content\/uploads\/2021\/12\/Banner-para-la-pagina-2048x585.jpg 2048w\" sizes=\"auto, (max-width: 1024px) 100vw, 1024px\" \/>\t\t\t\t\t\t\t\t\t\t\t\t\t\t\t<\/div>\n\t\t\t\t<\/div>\n\t\t\t\t\t<\/div>\n\t\t<\/div>\n\t\t\t\t\t\t\t<\/div>\n\t\t<\/section>\n\t\t\t\t<section class=\"elementor-section elementor-top-section elementor-element elementor-element-f2463db elementor-section-boxed elementor-section-height-default elementor-section-height-default\" data-id=\"f2463db\" data-element_type=\"section\">\n\t\t\t\t\t\t<div class=\"elementor-container elementor-column-gap-default\">\n\t\t\t\t\t<div class=\"elementor-column elementor-col-100 elementor-top-column elementor-element elementor-element-a7fe495\" data-id=\"a7fe495\" data-element_type=\"column\">\n\t\t\t<div class=\"elementor-widget-wrap elementor-element-populated\">\n\t\t\t\t\t\t\t\t<div class=\"elementor-element elementor-element-b9c6d7d elementor-widget elementor-widget-image\" data-id=\"b9c6d7d\" data-element_type=\"widget\" data-widget_type=\"image.default\">\n\t\t\t\t<div class=\"elementor-widget-container\">\n\t\t\t\t\t\t\t\t\t\t\t\t\t\t\t<img loading=\"lazy\" decoding=\"async\" width=\"1024\" height=\"6\" src=\"https:\/\/instituto127.com\/wp-content\/uploads\/2021\/07\/Linea-gris-1024x6.jpg\" class=\"attachment-large size-large wp-image-1373\" alt=\"\" srcset=\"https:\/\/instituto127.com\/wp-content\/uploads\/2021\/07\/Linea-gris-1024x6.jpg 1024w, https:\/\/instituto127.com\/wp-content\/uploads\/2021\/07\/Linea-gris-300x2.jpg 300w, https:\/\/instituto127.com\/wp-content\/uploads\/2021\/07\/Linea-gris-768x4.jpg 768w, https:\/\/instituto127.com\/wp-content\/uploads\/2021\/07\/Linea-gris.jpg 1069w\" sizes=\"auto, (max-width: 1024px) 100vw, 1024px\" \/>\t\t\t\t\t\t\t\t\t\t\t\t\t\t\t<\/div>\n\t\t\t\t<\/div>\n\t\t\t\t\t<\/div>\n\t\t<\/div>\n\t\t\t\t\t\t\t<\/div>\n\t\t<\/section>\n\t\t\t\t<section class=\"elementor-section elementor-top-section elementor-element elementor-element-8ff2801 elementor-section-boxed elementor-section-height-default elementor-section-height-default\" data-id=\"8ff2801\" data-element_type=\"section\">\n\t\t\t\t\t\t<div class=\"elementor-container elementor-column-gap-default\">\n\t\t\t\t\t<div class=\"elementor-column elementor-col-100 elementor-top-column elementor-element elementor-element-d349146\" data-id=\"d349146\" data-element_type=\"column\">\n\t\t\t<div class=\"elementor-widget-wrap elementor-element-populated\">\n\t\t\t\t\t\t\t\t<div class=\"elementor-element elementor-element-2b77f34 elementor-hidden-phone elementor-widget elementor-widget-text-editor\" data-id=\"2b77f34\" data-element_type=\"widget\" data-widget_type=\"text-editor.default\">\n\t\t\t\t<div class=\"elementor-widget-container\">\n\t\t\t\t\t\t\t<p>Espacio 127 es una revista digital de inter\u00e9s acad\u00e9mico, cultural y educativo, elaborada y dise\u00f1ada por el Instituto Superior de Formaci\u00f3n Docente N\u00b0 127 &#8220;Ciudad del Acuerdo&#8221;. En la misma se publicar\u00e1n art\u00edculos de inter\u00e9s cient\u00edfico y otros, organizados en distintas secciones que podr\u00e1s encontrar por n\u00famero publicado.<\/p>\t\t\t\t\t\t<\/div>\n\t\t\t\t<\/div>\n\t\t\t\t\t<\/div>\n\t\t<\/div>\n\t\t\t\t\t\t\t<\/div>\n\t\t<\/section>\n\t\t\t\t<section class=\"elementor-section elementor-top-section elementor-element elementor-element-9b28585 elementor-section-boxed elementor-section-height-default elementor-section-height-default\" data-id=\"9b28585\" data-element_type=\"section\">\n\t\t\t\t\t\t<div class=\"elementor-container elementor-column-gap-default\">\n\t\t\t\t\t<div class=\"elementor-column elementor-col-100 elementor-top-column elementor-element elementor-element-d959e25\" data-id=\"d959e25\" data-element_type=\"column\">\n\t\t\t<div class=\"elementor-widget-wrap elementor-element-populated\">\n\t\t\t\t\t\t\t\t<div class=\"elementor-element elementor-element-87068d8 elementor-hidden-phone elementor-widget elementor-widget-image\" data-id=\"87068d8\" data-element_type=\"widget\" data-widget_type=\"image.default\">\n\t\t\t\t<div class=\"elementor-widget-container\">\n\t\t\t\t\t\t\t\t\t\t\t\t\t\t\t<img loading=\"lazy\" decoding=\"async\" width=\"1024\" height=\"6\" src=\"https:\/\/instituto127.com\/wp-content\/uploads\/2021\/07\/Linea-gris-1024x6.jpg\" class=\"attachment-large size-large wp-image-1373\" alt=\"\" srcset=\"https:\/\/instituto127.com\/wp-content\/uploads\/2021\/07\/Linea-gris-1024x6.jpg 1024w, https:\/\/instituto127.com\/wp-content\/uploads\/2021\/07\/Linea-gris-300x2.jpg 300w, https:\/\/instituto127.com\/wp-content\/uploads\/2021\/07\/Linea-gris-768x4.jpg 768w, https:\/\/instituto127.com\/wp-content\/uploads\/2021\/07\/Linea-gris.jpg 1069w\" sizes=\"auto, (max-width: 1024px) 100vw, 1024px\" \/>\t\t\t\t\t\t\t\t\t\t\t\t\t\t\t<\/div>\n\t\t\t\t<\/div>\n\t\t\t\t\t<\/div>\n\t\t<\/div>\n\t\t\t\t\t\t\t<\/div>\n\t\t<\/section>\n\t\t\t\t<section class=\"elementor-section elementor-top-section elementor-element elementor-element-da1bdcf elementor-section-boxed elementor-section-height-default elementor-section-height-default\" data-id=\"da1bdcf\" data-element_type=\"section\">\n\t\t\t\t\t\t<div class=\"elementor-container elementor-column-gap-default\">\n\t\t\t\t\t<div class=\"elementor-column elementor-col-100 elementor-top-column elementor-element elementor-element-fde2a63\" data-id=\"fde2a63\" data-element_type=\"column\">\n\t\t\t<div class=\"elementor-widget-wrap elementor-element-populated\">\n\t\t\t\t\t\t\t\t<div class=\"elementor-element elementor-element-02829e4 elementor-widget elementor-widget-embedpres_document\" data-id=\"02829e4\" data-element_type=\"widget\" data-widget_type=\"embedpres_document.default\">\n\t\t\t\t<div class=\"elementor-widget-container\">\n\t\t\t        <div class=\"embedpress-document-embed\">\n                                <div class=\"embedpress-embed-document-pdf embedpress-pdf-02829e4\" data-emid=\"embedpress-pdf-02829e4\" data-emsrc=\"https:\/\/instituto127.com\/wp-content\/uploads\/2025\/04\/ESPACIO-127-Pautas-para-la-presentacion-de-articulos-2025.pdf\"><\/div>\n                    \n        <\/div>\n        \n        \t\t<\/div>\n\t\t\t\t<\/div>\n\t\t\t\t\t<\/div>\n\t\t<\/div>\n\t\t\t\t\t\t\t<\/div>\n\t\t<\/section>\n\t\t\t\t<section class=\"elementor-section elementor-top-section elementor-element elementor-element-6003dcb elementor-section-boxed elementor-section-height-default elementor-section-height-default\" data-id=\"6003dcb\" data-element_type=\"section\">\n\t\t\t\t\t\t<div class=\"elementor-container elementor-column-gap-default\">\n\t\t\t\t\t<div class=\"elementor-column elementor-col-100 elementor-top-column elementor-element elementor-element-277c746\" data-id=\"277c746\" data-element_type=\"column\">\n\t\t\t<div class=\"elementor-widget-wrap elementor-element-populated\">\n\t\t\t\t\t\t\t\t<div class=\"elementor-element elementor-element-9caac1b elementor-widget elementor-widget-image\" data-id=\"9caac1b\" data-element_type=\"widget\" data-widget_type=\"image.default\">\n\t\t\t\t<div class=\"elementor-widget-container\">\n\t\t\t\t\t\t\t\t\t\t\t\t\t\t\t<img loading=\"lazy\" decoding=\"async\" width=\"1024\" height=\"6\" src=\"https:\/\/instituto127.com\/wp-content\/uploads\/2021\/07\/Linea-gris-1024x6.jpg\" class=\"attachment-large size-large wp-image-1373\" alt=\"\" srcset=\"https:\/\/instituto127.com\/wp-content\/uploads\/2021\/07\/Linea-gris-1024x6.jpg 1024w, https:\/\/instituto127.com\/wp-content\/uploads\/2021\/07\/Linea-gris-300x2.jpg 300w, https:\/\/instituto127.com\/wp-content\/uploads\/2021\/07\/Linea-gris-768x4.jpg 768w, https:\/\/instituto127.com\/wp-content\/uploads\/2021\/07\/Linea-gris.jpg 1069w\" sizes=\"auto, (max-width: 1024px) 100vw, 1024px\" \/>\t\t\t\t\t\t\t\t\t\t\t\t\t\t\t<\/div>\n\t\t\t\t<\/div>\n\t\t\t\t\t<\/div>\n\t\t<\/div>\n\t\t\t\t\t\t\t<\/div>\n\t\t<\/section>\n\t\t\t\t<section class=\"elementor-section elementor-top-section elementor-element elementor-element-74d6789 elementor-section-boxed elementor-section-height-default elementor-section-height-default\" data-id=\"74d6789\" data-element_type=\"section\">\n\t\t\t\t\t\t<div class=\"elementor-container elementor-column-gap-default\">\n\t\t\t\t\t<div class=\"elementor-column elementor-col-100 elementor-top-column elementor-element elementor-element-e3e88be\" data-id=\"e3e88be\" data-element_type=\"column\">\n\t\t\t<div class=\"elementor-widget-wrap elementor-element-populated\">\n\t\t\t\t\t\t\t\t<div class=\"elementor-element elementor-element-3c187a9 elementor-align-center elementor-widget elementor-widget-button\" data-id=\"3c187a9\" data-element_type=\"widget\" data-widget_type=\"button.default\">\n\t\t\t\t<div class=\"elementor-widget-container\">\n\t\t\t\t\t<div class=\"elementor-button-wrapper\">\n\t\t\t<a class=\"elementor-button elementor-button-link elementor-size-sm\" href=\"https:\/\/instituto127.com\/wp-content\/uploads\/2024\/06\/ESPACIO-127-Pautas-para-la-presentacion-de-articulos-2024.pdf\">\n\t\t\t\t\t\t<span class=\"elementor-button-content-wrapper\">\n\t\t\t\t\t\t<span class=\"elementor-button-text\">DESCARGAR NORMAS PARA COLABORACIONES<\/span>\n\t\t<\/span>\n\t\t\t\t\t<\/a>\n\t\t<\/div>\n\t\t\t\t<\/div>\n\t\t\t\t<\/div>\n\t\t\t\t\t<\/div>\n\t\t<\/div>\n\t\t\t\t\t\t\t<\/div>\n\t\t<\/section>\n\t\t\t\t<section class=\"elementor-section elementor-top-section elementor-element elementor-element-70192d5 elementor-section-boxed elementor-section-height-default elementor-section-height-default\" data-id=\"70192d5\" data-element_type=\"section\">\n\t\t\t\t\t\t<div class=\"elementor-container elementor-column-gap-default\">\n\t\t\t\t\t<div class=\"elementor-column elementor-col-100 elementor-top-column elementor-element elementor-element-e1294d5\" data-id=\"e1294d5\" data-element_type=\"column\">\n\t\t\t<div class=\"elementor-widget-wrap elementor-element-populated\">\n\t\t\t\t\t\t\t\t<div class=\"elementor-element elementor-element-017e672 elementor-widget elementor-widget-spacer\" data-id=\"017e672\" data-element_type=\"widget\" data-widget_type=\"spacer.default\">\n\t\t\t\t<div class=\"elementor-widget-container\">\n\t\t\t\t\t<div class=\"elementor-spacer\">\n\t\t\t<div class=\"elementor-spacer-inner\"><\/div>\n\t\t<\/div>\n\t\t\t\t<\/div>\n\t\t\t\t<\/div>\n\t\t\t\t\t<\/div>\n\t\t<\/div>\n\t\t\t\t\t\t\t<\/div>\n\t\t<\/section>\n\t\t\t\t<section class=\"elementor-section elementor-top-section elementor-element elementor-element-6777af1 elementor-section-boxed elementor-section-height-default elementor-section-height-default\" data-id=\"6777af1\" data-element_type=\"section\">\n\t\t\t\t\t\t<div class=\"elementor-container elementor-column-gap-default\">\n\t\t\t\t\t<div class=\"elementor-column elementor-col-100 elementor-top-column elementor-element elementor-element-7d75cc3\" data-id=\"7d75cc3\" data-element_type=\"column\">\n\t\t\t<div class=\"elementor-widget-wrap elementor-element-populated\">\n\t\t\t\t\t\t\t\t<div class=\"elementor-element elementor-element-86050f3 elementor-widget elementor-widget-text-editor\" data-id=\"86050f3\" data-element_type=\"widget\" data-widget_type=\"text-editor.default\">\n\t\t\t\t<div class=\"elementor-widget-container\">\n\t\t\t\t\t\t\t<p>Instituto Superior de Formaci\u00f3n Docente N\u00b0127 &#8220;Ciudad del Acuerdo&#8221;\u00a0<\/p>\t\t\t\t\t\t<\/div>\n\t\t\t\t<\/div>\n\t\t\t\t\t<\/div>\n\t\t<\/div>\n\t\t\t\t\t\t\t<\/div>\n\t\t<\/section>\n\t\t\t\t<section class=\"elementor-section elementor-top-section elementor-element elementor-element-d0a9dba elementor-section-boxed elementor-section-height-default elementor-section-height-default\" data-id=\"d0a9dba\" data-element_type=\"section\">\n\t\t\t\t\t\t<div class=\"elementor-container elementor-column-gap-default\">\n\t\t\t\t\t<div class=\"elementor-column elementor-col-100 elementor-top-column elementor-element elementor-element-06fa347\" data-id=\"06fa347\" data-element_type=\"column\">\n\t\t\t<div class=\"elementor-widget-wrap elementor-element-populated\">\n\t\t\t\t\t\t\t\t<div class=\"elementor-element elementor-element-398e95d elementor-widget elementor-widget-text-editor\" data-id=\"398e95d\" data-element_type=\"widget\" data-widget_type=\"text-editor.default\">\n\t\t\t\t<div class=\"elementor-widget-container\">\n\t\t\t\t\t\t\t<p>Plaza 23 de Noviembre S\/N (Alvear entre Naci\u00f3n y Pellegrini), San Nicol\u00e1s de los Arroyos, Buenos Aires, Argentina<\/p>\t\t\t\t\t\t<\/div>\n\t\t\t\t<\/div>\n\t\t\t\t\t<\/div>\n\t\t<\/div>\n\t\t\t\t\t\t\t<\/div>\n\t\t<\/section>\n\t\t\t\t<section class=\"elementor-section elementor-top-section elementor-element elementor-element-47ee065 elementor-section-boxed elementor-section-height-default elementor-section-height-default\" data-id=\"47ee065\" data-element_type=\"section\">\n\t\t\t\t\t\t<div class=\"elementor-container elementor-column-gap-default\">\n\t\t\t\t\t<div class=\"elementor-column elementor-col-100 elementor-top-column elementor-element elementor-element-3f2d176\" data-id=\"3f2d176\" data-element_type=\"column\">\n\t\t\t<div class=\"elementor-widget-wrap elementor-element-populated\">\n\t\t\t\t\t\t\t\t<div class=\"elementor-element elementor-element-8db35be elementor-widget elementor-widget-spacer\" data-id=\"8db35be\" data-element_type=\"widget\" data-widget_type=\"spacer.default\">\n\t\t\t\t<div class=\"elementor-widget-container\">\n\t\t\t\t\t<div class=\"elementor-spacer\">\n\t\t\t<div class=\"elementor-spacer-inner\"><\/div>\n\t\t<\/div>\n\t\t\t\t<\/div>\n\t\t\t\t<\/div>\n\t\t\t\t\t<\/div>\n\t\t<\/div>\n\t\t\t\t\t\t\t<\/div>\n\t\t<\/section>\n\t\t\t\t\t\t\t<\/div>\n\t\t","protected":false},"excerpt":{"rendered":"<p>Espacio 127 es una revista digital de inter\u00e9s acad\u00e9mico, cultural y educativo, elaborada y dise\u00f1ada por el Instituto Superior de Formaci\u00f3n Docente N\u00b0 127 &#8220;Ciudad del Acuerdo&#8221;. En la misma se publicar\u00e1n art\u00edculos de inter\u00e9s cient\u00edfico y otros, organizados en distintas secciones que podr\u00e1s encontrar por n\u00famero publicado. DESCARGAR NORMAS PARA COLABORACIONES Instituto Superior de &hellip;<\/p>\n<p class=\"read-more\"> <a class=\"\" href=\"https:\/\/instituto127.com\/index.php\/https-instituto127-com-wp-content-uploads-2023-05-espacio-127-pautas-para-la-presentacion-de-articulos-2023-pdf\/\"> <span class=\"screen-reader-text\">Normas para la presentaci\u00f3n de colaboraciones<\/span> Leer m\u00e1s &raquo;<\/a><\/p>\n","protected":false},"author":2,"featured_media":0,"parent":0,"menu_order":0,"comment_status":"closed","ping_status":"closed","template":"","meta":{"footnotes":""},"class_list":["post-3254","page","type-page","status-publish","hentry"],"_links":{"self":[{"href":"https:\/\/instituto127.com\/index.php\/wp-json\/wp\/v2\/pages\/3254","targetHints":{"allow":["GET"]}}],"collection":[{"href":"https:\/\/instituto127.com\/index.php\/wp-json\/wp\/v2\/pages"}],"about":[{"href":"https:\/\/instituto127.com\/index.php\/wp-json\/wp\/v2\/types\/page"}],"author":[{"embeddable":true,"href":"https:\/\/instituto127.com\/index.php\/wp-json\/wp\/v2\/users\/2"}],"replies":[{"embeddable":true,"href":"https:\/\/instituto127.com\/index.php\/wp-json\/wp\/v2\/comments?post=3254"}],"version-history":[{"count":26,"href":"https:\/\/instituto127.com\/index.php\/wp-json\/wp\/v2\/pages\/3254\/revisions"}],"predecessor-version":[{"id":5663,"href":"https:\/\/instituto127.com\/index.php\/wp-json\/wp\/v2\/pages\/3254\/revisions\/5663"}],"wp:attachment":[{"href":"https:\/\/instituto127.com\/index.php\/wp-json\/wp\/v2\/media?parent=3254"}],"curies":[{"name":"wp","href":"https:\/\/api.w.org\/{rel}","templated":true}]}}